{"id":12,"date":"2024-11-25T15:57:25","date_gmt":"2024-11-25T15:57:25","guid":{"rendered":"https:\/\/lamaisondecoracion.com\/?page_id=12"},"modified":"2024-11-25T16:41:46","modified_gmt":"2024-11-25T16:41:46","slug":"contacto","status":"publish","type":"page","link":"https:\/\/lamaisondecoracion.com\/?page_id=12","title":{"rendered":"\u00a1Hablemos!"},"content":{"rendered":"\n<p>Estamos aqu\u00ed para ayudarte. Si tienes preguntas, necesitas m\u00e1s informaci\u00f3n o quieres comenzar un proyecto con nosotros, no dudes en ponerte en contacto. \u00a1Ser\u00e1 un placer escucharte!<\/p>\n\n\n\n<p><strong>\u00bfC\u00f3mo podemos ayudarte?<\/strong><br>Escr\u00edbenos a trav\u00e9s del formulario, ll\u00e1manos o vis\u00edtanos. Estamos listos para responder a tus consultas y acompa\u00f1arte en lo que necesites. \u00a1Tu mensaje es importante para nosotros!<\/p>\n","protected":false},"excerpt":{"rendered":"<p>Estamos aqu\u00ed para ayudarte. Si tienes preguntas, necesitas m\u00e1s informaci\u00f3n o quieres comenzar un proyecto con nosotros, no dudes en ponerte en contacto. \u00a1Ser\u00e1 un placer escucharte! \u00bfC\u00f3mo podemos ayudarte?Escr\u00edbenos a trav\u00e9s del formulario, ll\u00e1manos o vis\u00edtanos. Estamos listos para responder a tus consultas y acompa\u00f1arte en lo que necesites. \u00a1Tu mensaje es importante para &hellip; <\/p>\n<p class=\"link-more\"><a href=\"https:\/\/lamaisondecoracion.com\/?page_id=12\" class=\"more-link\">Continuar leyendo<span class=\"screen-reader-text\"> \u00ab\u00a1Hablemos!\u00bb<\/span><\/a><\/p>\n","protected":false},"author":1,"featured_media":49,"parent":0,"menu_order":0,"comment_status":"closed","ping_status":"closed","template":"","meta":{"footnotes":""},"class_list":["post-12","page","type-page","status-publish","has-post-thumbnail","hentry"],"yoast_head":"<!-- This site is optimized with the Yoast SEO plugin v25.7 - https:\/\/yoast.com\/wordpress\/plugins\/seo\/ -->\n<title>\u00a1Hablemos! - Maison Decoracion<\/title>\n<meta name=\"robots\" content=\"index, follow, max-snippet:-1, max-image-preview:large, max-video-preview:-1\" \/>\n<link rel=\"canonical\" href=\"https:\/\/lamaisondecoracion.com\/?page_id=12\" \/>\n<meta property=\"og:locale\" content=\"es_ES\" \/>\n<meta property=\"og:type\" content=\"article\" \/>\n<meta property=\"og:title\" content=\"\u00a1Hablemos! - Maison Decoracion\" \/>\n<meta property=\"og:description\" content=\"Estamos aqu\u00ed para ayudarte. Si tienes preguntas, necesitas m\u00e1s informaci\u00f3n o quieres comenzar un proyecto con nosotros, no dudes en ponerte en contacto. \u00a1Ser\u00e1 un placer escucharte! \u00bfC\u00f3mo podemos ayudarte?Escr\u00edbenos a trav\u00e9s del formulario, ll\u00e1manos o vis\u00edtanos. Estamos listos para responder a tus consultas y acompa\u00f1arte en lo que necesites. \u00a1Tu mensaje es importante para &hellip; Continuar leyendo &quot;\u00a1Hablemos!&quot;\" \/>\n<meta property=\"og:url\" content=\"https:\/\/lamaisondecoracion.com\/?page_id=12\" \/>\n<meta property=\"og:site_name\" content=\"Maison Decoracion\" \/>\n<meta property=\"article:modified_time\" content=\"2024-11-25T16:41:46+00:00\" \/>\n<meta property=\"og:image\" content=\"https:\/\/lamaisondecoracion.com\/wp-content\/uploads\/2024\/11\/Maison-4.jpg\" \/>\n\t<meta property=\"og:image:width\" content=\"2000\" \/>\n\t<meta property=\"og:image:height\" content=\"1333\" \/>\n\t<meta property=\"og:image:type\" content=\"image\/jpeg\" \/>\n<meta name=\"twitter:card\" content=\"summary_large_image\" \/>\n<meta name=\"twitter:label1\" content=\"Tiempo de lectura\" \/>\n\t<meta name=\"twitter:data1\" content=\"1 minuto\" \/>\n<script type=\"application\/ld+json\" class=\"yoast-schema-graph\">{\"@context\":\"https:\/\/schema.org\",\"@graph\":[{\"@type\":\"WebPage\",\"@id\":\"https:\/\/lamaisondecoracion.com\/?page_id=12\",\"url\":\"https:\/\/lamaisondecoracion.com\/?page_id=12\",\"name\":\"\u00a1Hablemos! - Maison Decoracion\",\"isPartOf\":{\"@id\":\"https:\/\/lamaisondecoracion.com\/#website\"},\"primaryImageOfPage\":{\"@id\":\"https:\/\/lamaisondecoracion.com\/?page_id=12#primaryimage\"},\"image\":{\"@id\":\"https:\/\/lamaisondecoracion.com\/?page_id=12#primaryimage\"},\"thumbnailUrl\":\"https:\/\/lamaisondecoracion.com\/wp-content\/uploads\/2024\/11\/Maison-4.jpg\",\"datePublished\":\"2024-11-25T15:57:25+00:00\",\"dateModified\":\"2024-11-25T16:41:46+00:00\",\"breadcrumb\":{\"@id\":\"https:\/\/lamaisondecoracion.com\/?page_id=12#breadcrumb\"},\"inLanguage\":\"es\",\"potentialAction\":[{\"@type\":\"ReadAction\",\"target\":[\"https:\/\/lamaisondecoracion.com\/?page_id=12\"]}]},{\"@type\":\"ImageObject\",\"inLanguage\":\"es\",\"@id\":\"https:\/\/lamaisondecoracion.com\/?page_id=12#primaryimage\",\"url\":\"https:\/\/lamaisondecoracion.com\/wp-content\/uploads\/2024\/11\/Maison-4.jpg\",\"contentUrl\":\"https:\/\/lamaisondecoracion.com\/wp-content\/uploads\/2024\/11\/Maison-4.jpg\",\"width\":2000,\"height\":1333},{\"@type\":\"BreadcrumbList\",\"@id\":\"https:\/\/lamaisondecoracion.com\/?page_id=12#breadcrumb\",\"itemListElement\":[{\"@type\":\"ListItem\",\"position\":1,\"name\":\"Portada\",\"item\":\"https:\/\/lamaisondecoracion.com\/\"},{\"@type\":\"ListItem\",\"position\":2,\"name\":\"\u00a1Hablemos!\"}]},{\"@type\":\"WebSite\",\"@id\":\"https:\/\/lamaisondecoracion.com\/#website\",\"url\":\"https:\/\/lamaisondecoracion.com\/\",\"name\":\"Maison Decoracion\",\"description\":\"Tienda de decoraci\u00f3n\",\"potentialAction\":[{\"@type\":\"SearchAction\",\"target\":{\"@type\":\"EntryPoint\",\"urlTemplate\":\"https:\/\/lamaisondecoracion.com\/?s={search_term_string}\"},\"query-input\":{\"@type\":\"PropertyValueSpecification\",\"valueRequired\":true,\"valueName\":\"search_term_string\"}}],\"inLanguage\":\"es\"}]}<\/script>\n<!-- \/ Yoast SEO plugin. -->","yoast_head_json":{"title":"\u00a1Hablemos! - Maison Decoracion","robots":{"index":"index","follow":"follow","max-snippet":"max-snippet:-1","max-image-preview":"max-image-preview:large","max-video-preview":"max-video-preview:-1"},"canonical":"https:\/\/lamaisondecoracion.com\/?page_id=12","og_locale":"es_ES","og_type":"article","og_title":"\u00a1Hablemos! - Maison Decoracion","og_description":"Estamos aqu\u00ed para ayudarte. Si tienes preguntas, necesitas m\u00e1s informaci\u00f3n o quieres comenzar un proyecto con nosotros, no dudes en ponerte en contacto. \u00a1Ser\u00e1 un placer escucharte! \u00bfC\u00f3mo podemos ayudarte?Escr\u00edbenos a trav\u00e9s del formulario, ll\u00e1manos o vis\u00edtanos. Estamos listos para responder a tus consultas y acompa\u00f1arte en lo que necesites. \u00a1Tu mensaje es importante para &hellip; Continuar leyendo \"\u00a1Hablemos!\"","og_url":"https:\/\/lamaisondecoracion.com\/?page_id=12","og_site_name":"Maison Decoracion","article_modified_time":"2024-11-25T16:41:46+00:00","og_image":[{"width":2000,"height":1333,"url":"https:\/\/lamaisondecoracion.com\/wp-content\/uploads\/2024\/11\/Maison-4.jpg","type":"image\/jpeg"}],"twitter_card":"summary_large_image","twitter_misc":{"Tiempo de lectura":"1 minuto"},"schema":{"@context":"https:\/\/schema.org","@graph":[{"@type":"WebPage","@id":"https:\/\/lamaisondecoracion.com\/?page_id=12","url":"https:\/\/lamaisondecoracion.com\/?page_id=12","name":"\u00a1Hablemos! - Maison Decoracion","isPartOf":{"@id":"https:\/\/lamaisondecoracion.com\/#website"},"primaryImageOfPage":{"@id":"https:\/\/lamaisondecoracion.com\/?page_id=12#primaryimage"},"image":{"@id":"https:\/\/lamaisondecoracion.com\/?page_id=12#primaryimage"},"thumbnailUrl":"https:\/\/lamaisondecoracion.com\/wp-content\/uploads\/2024\/11\/Maison-4.jpg","datePublished":"2024-11-25T15:57:25+00:00","dateModified":"2024-11-25T16:41:46+00:00","breadcrumb":{"@id":"https:\/\/lamaisondecoracion.com\/?page_id=12#breadcrumb"},"inLanguage":"es","potentialAction":[{"@type":"ReadAction","target":["https:\/\/lamaisondecoracion.com\/?page_id=12"]}]},{"@type":"ImageObject","inLanguage":"es","@id":"https:\/\/lamaisondecoracion.com\/?page_id=12#primaryimage","url":"https:\/\/lamaisondecoracion.com\/wp-content\/uploads\/2024\/11\/Maison-4.jpg","contentUrl":"https:\/\/lamaisondecoracion.com\/wp-content\/uploads\/2024\/11\/Maison-4.jpg","width":2000,"height":1333},{"@type":"BreadcrumbList","@id":"https:\/\/lamaisondecoracion.com\/?page_id=12#breadcrumb","itemListElement":[{"@type":"ListItem","position":1,"name":"Portada","item":"https:\/\/lamaisondecoracion.com\/"},{"@type":"ListItem","position":2,"name":"\u00a1Hablemos!"}]},{"@type":"WebSite","@id":"https:\/\/lamaisondecoracion.com\/#website","url":"https:\/\/lamaisondecoracion.com\/","name":"Maison Decoracion","description":"Tienda de decoraci\u00f3n","potentialAction":[{"@type":"SearchAction","target":{"@type":"EntryPoint","urlTemplate":"https:\/\/lamaisondecoracion.com\/?s={search_term_string}"},"query-input":{"@type":"PropertyValueSpecification","valueRequired":true,"valueName":"search_term_string"}}],"inLanguage":"es"}]}},"_links":{"self":[{"href":"https:\/\/lamaisondecoracion.com\/index.php?rest_route=\/wp\/v2\/pages\/12","targetHints":{"allow":["GET"]}}],"collection":[{"href":"https:\/\/lamaisondecoracion.com\/index.php?rest_route=\/wp\/v2\/pages"}],"about":[{"href":"https:\/\/lamaisondecoracion.com\/index.php?rest_route=\/wp\/v2\/types\/page"}],"author":[{"embeddable":true,"href":"https:\/\/lamaisondecoracion.com\/index.php?rest_route=\/wp\/v2\/users\/1"}],"replies":[{"embeddable":true,"href":"https:\/\/lamaisondecoracion.com\/index.php?rest_route=%2Fwp%2Fv2%2Fcomments&post=12"}],"version-history":[{"count":2,"href":"https:\/\/lamaisondecoracion.com\/index.php?rest_route=\/wp\/v2\/pages\/12\/revisions"}],"predecessor-version":[{"id":67,"href":"https:\/\/lamaisondecoracion.com\/index.php?rest_route=\/wp\/v2\/pages\/12\/revisions\/67"}],"wp:featuredmedia":[{"embeddable":true,"href":"https:\/\/lamaisondecoracion.com\/index.php?rest_route=\/wp\/v2\/media\/49"}],"wp:attachment":[{"href":"https:\/\/lamaisondecoracion.com\/index.php?rest_route=%2Fwp%2Fv2%2Fmedia&parent=12"}],"curies":[{"name":"wp","href":"https:\/\/api.w.org\/{rel}","templated":true}]}}